{"id":1661,"date":"2021-09-15T16:44:01","date_gmt":"2021-09-15T14:44:01","guid":{"rendered":"https:\/\/salondesmaires-rhone.fr\/?page_id=1661"},"modified":"2022-07-25T18:10:25","modified_gmt":"2022-07-25T16:10:25","slug":"inscription-visiteur","status":"publish","type":"page","link":"https:\/\/salondesmaires-rhone.fr\/index.php\/inscription-visiteur\/","title":{"rendered":"Inscriptions visiteurs"},"content":{"rendered":"<p>[vc_row section_id=&#8221;about&#8221; css=&#8221;.vc_custom_1581505073398{padding-top: 170px !important;padding-bottom: 70px !important;}&#8221;][vc_column][vc_single_image image=&#8221;1722&#8243; img_size=&#8221;full&#8221; alignment=&#8221;center&#8221;][\/vc_column][\/vc_row][vc_row][vc_column][vc_separator color=&#8221;custom&#8221; border_width=&#8221;2&#8243; accent_color=&#8221;#d67c1c&#8221;][\/vc_column][\/vc_row][vc_row css=&#8221;.vc_custom_1602168810703{padding-bottom: 35px !important;}&#8221;][vc_column][vc_single_image image=&#8221;1580&#8243; img_size=&#8221;full&#8221; alignment=&#8221;center&#8221; onclick=&#8221;custom_link&#8221; img_link_target=&#8221;_blank&#8221; link=&#8221;https:\/\/www.chazalsas.fr\/&#8221;][\/vc_column][\/vc_row][vc_row css=&#8221;.vc_custom_1581505060433{padding-top: 70px !important;}&#8221;][vc_column]<script type=\"text\/javascript\">var gform;gform||(document.addEventListener(\"gform_main_scripts_loaded\",function(){gform.scriptsLoaded=!0}),window.addEventListener(\"DOMContentLoaded\",function(){gform.domLoaded=!0}),gform={domLoaded:!1,scriptsLoaded:!1,initializeOnLoaded:function(o){gform.domLoaded&&gform.scriptsLoaded?o():!gform.domLoaded&&gform.scriptsLoaded?window.addEventListener(\"DOMContentLoaded\",o):document.addEventListener(\"gform_main_scripts_loaded\",o)},hooks:{action:{},filter:{}},addAction:function(o,n,r,t){gform.addHook(\"action\",o,n,r,t)},addFilter:function(o,n,r,t){gform.addHook(\"filter\",o,n,r,t)},doAction:function(o){gform.doHook(\"action\",o,arguments)},applyFilters:function(o){return gform.doHook(\"filter\",o,arguments)},removeAction:function(o,n){gform.removeHook(\"action\",o,n)},removeFilter:function(o,n,r){gform.removeHook(\"filter\",o,n,r)},addHook:function(o,n,r,t,i){null==gform.hooks[o][n]&&(gform.hooks[o][n]=[]);var e=gform.hooks[o][n];null==i&&(i=n+\"_\"+e.length),gform.hooks[o][n].push({tag:i,callable:r,priority:t=null==t?10:t})},doHook:function(n,o,r){var t;if(r=Array.prototype.slice.call(r,1),null!=gform.hooks[n][o]&&((o=gform.hooks[n][o]).sort(function(o,n){return o.priority-n.priority}),o.forEach(function(o){\"function\"!=typeof(t=o.callable)&&(t=window[t]),\"action\"==n?t.apply(null,r):r[0]=t.apply(null,r)})),\"filter\"==n)return r[0]},removeHook:function(o,n,t,i){var r;null!=gform.hooks[o][n]&&(r=(r=gform.hooks[o][n]).filter(function(o,n,r){return!!(null!=i&&i!=o.tag||null!=t&&t!=o.priority)}),gform.hooks[o][n]=r)}});<\/script>\n                <div class='gf_browser_gecko gform_wrapper gform_legacy_markup_wrapper' id='gform_wrapper_8' style='display:none'><form method='post' enctype='multipart\/form-data'  id='gform_8'  action='\/index.php\/wp-json\/wp\/v2\/pages\/1661' >\n                        <div class='gform_body gform-body'><ul id='gform_fields_8' class='gform_fields top_label form_sublabel_below description_below'><li id=\"field_8_21\"  class=\"gfield gsection field_sublabel_below field_description_below gfield_visibility_visible\"  data-js-reload=\"field_8_21\"><h2 class=\"gsection_title\">INSCRIPTION VISITEUR<\/h2><div class='gsection_description' id='gfield_description_8_21'>Compl\u00e9tez les champs ci-dessous et recevez vos badges par email ou en les t\u00e9l\u00e9chargeant lors de la r\u00e9ception de vos confirmations. Les champs munis d'un ast\u00e9risque sont n\u00e9cessaires pour la g\u00e9n\u00e9ration des badges.<\/div><\/li><li id=\"field_8_1\"  class=\"gfield gfield_contains_required field_sublabel_hidden_label field_description_below gfield_visibility_visible\"  data-js-reload=\"field_8_1\"><label class='gfield_label gfield_label_before_complex'  >Votre identit\u00e9<span class=\"gfield_required\"><span class=\"gfield_required gfield_required_asterisk\">*<\/span><\/span><\/label><div class='ginput_complex ginput_container has_prefix no_first_name no_middle_name no_last_name no_suffix gf_name_has_1 ginput_container_name' id='input_8_1'>\n                            <span id='input_8_1_2_container' class='name_prefix name_prefix_select' >\n                                                    <select name='input_1.2' id='input_8_1_2'    aria-required='false'   >\n                          <option value=''>Civilit\u00e9<\/option><option value='Mme' >Mme<\/option><option value='M.' >M.<\/option>\n                      <\/select>\n                                                    <label for='input_8_1_2' class='hidden_sub_label screen-reader-text'>Civilit\u00e9<\/label>\n                                                  <\/span>\n                            \n                            \n                            \n                            \n                        <\/div><\/li><li id=\"field_8_2\"  class=\"gfield gf_left_half gfield_contains_required field_sublabel_below field_description_below gfield_visibility_visible\"  data-js-reload=\"field_8_2\"><label class='gfield_label' for='input_8_2' >Pr\u00e9nom<span class=\"gfield_required\"><span class=\"gfield_required gfield_required_asterisk\">*<\/span><\/span><\/label><div class='ginput_container ginput_container_text'><input name='input_2' id='input_8_2' type='text' value='' class='medium' maxlength='14'    aria-required=\"true\" aria-invalid=\"false\"   \/> <\/div><\/li><li id=\"field_8_18\"  class=\"gfield gf_right_half gfield_contains_required field_sublabel_below field_description_below gfield_visibility_visible\"  data-js-reload=\"field_8_18\"><label class='gfield_label' for='input_8_18' >Nom<span class=\"gfield_required\"><span class=\"gfield_required gfield_required_asterisk\">*<\/span><\/span><\/label><div class='ginput_container ginput_container_text'><input name='input_18' id='input_8_18' type='text' value='' class='medium' maxlength='18'    aria-required=\"true\" aria-invalid=\"false\"   \/> <\/div><\/li><li id=\"field_8_17\"  class=\"gfield gf_left_half gfield_contains_required field_sublabel_below field_description_below gfield_visibility_visible\"  data-js-reload=\"field_8_17\"><label class='gfield_label' for='input_8_17' >Collectivit\u00e9 \/ Organisme<span class=\"gfield_required\"><span class=\"gfield_required gfield_required_asterisk\">*<\/span><\/span><\/label><div class='ginput_container ginput_container_text'><input name='input_17' id='input_8_17' type='text' value='' class='medium' maxlength='25'    aria-required=\"true\" aria-invalid=\"false\"   \/> <\/div><\/li><li id=\"field_8_3\"  class=\"gfield gf_right_half gfield_contains_required field_sublabel_below field_description_below gfield_visibility_visible\"  data-js-reload=\"field_8_3\"><label class='gfield_label' for='input_8_3' >Fonction<span class=\"gfield_required\"><span class=\"gfield_required gfield_required_asterisk\">*<\/span><\/span><\/label><div class='ginput_container ginput_container_text'><input name='input_3' id='input_8_3' type='text' value='' class='medium' maxlength='25'    aria-required=\"true\" aria-invalid=\"false\"   \/> <\/div><\/li><li id=\"field_8_5\"  class=\"gfield gf_left_half field_sublabel_below field_description_below gfield_visibility_visible\"  data-js-reload=\"field_8_5\"><label class='gfield_label' for='input_8_5' >T\u00e9l\u00e9phone<\/label><div class='ginput_container ginput_container_phone'><input name='input_5' id='input_8_5' type='text' value='' class='medium'    aria-invalid=\"false\"   \/><\/div><\/li><li id=\"field_8_6\"  class=\"gfield gf_right_half gfield_contains_required field_sublabel_below field_description_below gfield_visibility_visible\"  data-js-reload=\"field_8_6\"><label class='gfield_label' for='input_8_6' >E-mail<span class=\"gfield_required\"><span class=\"gfield_required gfield_required_asterisk\">*<\/span><\/span><\/label><div class='ginput_container ginput_container_email'>\n                            <input name='input_6' id='input_8_6' type='text' value='' class='medium'   placeholder='E-mail pour recevoir votre badge' aria-required=\"true\" aria-invalid=\"false\"  \/>\n                        <\/div><\/li><li id=\"field_8_4\"  class=\"gfield field_sublabel_hidden_label field_description_below gfield_visibility_visible\"  data-js-reload=\"field_8_4\"><label class='gfield_label gfield_label_before_complex'  >Adresse<\/label>    \n                    <div class='ginput_complex ginput_container has_street has_city has_zip ginput_container_address' id='input_8_4' >\n                         <span class='ginput_full address_line_1 ginput_address_line_1' id='input_8_4_1_container' >\n                                        <input type='text' name='input_4.1' id='input_8_4_1' value=''   placeholder='Adresse' aria-required='false'    \/>\n                                        <label for='input_8_4_1' id='input_8_4_1_label' class='hidden_sub_label screen-reader-text'>Adresse postale<\/label>\n                                    <\/span><span class='ginput_left address_city ginput_address_city' id='input_8_4_3_container' >\n                                    <input type='text' name='input_4.3' id='input_8_4_3' value=''   placeholder='Ville' aria-required='false'    \/>\n                                    <label for='input_8_4_3' id='input_8_4_3_label' class='hidden_sub_label screen-reader-text'>Ville<\/label>\n                                 <\/span><input type='hidden' class='gform_hidden' name='input_4.4' id='input_8_4_4' value=''\/><span class='ginput_right address_zip ginput_address_zip' id='input_8_4_5_container' >\n                                    <input type='text' name='input_4.5' id='input_8_4_5' value=''   placeholder='Code Postal' aria-required='false'    \/>\n                                    <label for='input_8_4_5' id='input_8_4_5_label' class='hidden_sub_label screen-reader-text'>ZIP \/ Code postal<\/label>\n                                <\/span><input type='hidden' class='gform_hidden' name='input_4.6' id='input_8_4_6' value='' \/>\n                    <div class='gf_clear gf_clear_complex'><\/div>\n                <\/div><\/li><li id=\"field_8_7\"  class=\"gfield gsection field_sublabel_below field_description_below gfield_visibility_visible\"  data-js-reload=\"field_8_7\"><h2 class=\"gsection_title\">Validation<\/h2><\/li><li id=\"field_8_19\"  class=\"gfield gf_left_half gf_list_2col gfield_contains_required field_sublabel_below field_description_above gfield_visibility_visible\"  data-js-reload=\"field_8_19\"><label class='gfield_label'  >Politique de confidentialit\u00e9<span class=\"gfield_required\"><span class=\"gfield_required gfield_required_asterisk\">*<\/span><\/span><\/label><div class='gfield_description' id='gfield_description_8_19'>En cochant cette case, je reconnais avoir pris connaissance et accepte la <a href=\"https:\/\/salondesmaires-haut-rhin.fr\/mentions-legales\" target=\"_blank\" title=\"Politique de confidentialit\u00e9 SMED68\" alt=\"Politique de confidentialit\u00e9 SMED68\">Politique de confidentialit\u00e9 de ce site<\/a><\/div><div class='ginput_container ginput_container_radio'><ul class='gfield_radio' id='input_8_19'>\n\t\t\t<li class='gchoice gchoice_8_19_0'>\n\t\t\t\t<input name='input_19' type='radio' value='J&#039;accepte'  id='choice_8_19_0'    \/>\n\t\t\t\t<label for='choice_8_19_0' id='label_8_19_0'>J'accepte<\/label>\n\t\t\t<\/li>\n\t\t\t<li class='gchoice gchoice_8_19_1'>\n\t\t\t\t<input name='input_19' type='radio' value='Je n&#039;accepte pas'  id='choice_8_19_1'    \/>\n\t\t\t\t<label for='choice_8_19_1' id='label_8_19_1'>Je n'accepte pas<\/label>\n\t\t\t<\/li><\/ul><\/div><\/li><li id=\"field_8_22\"  class=\"gfield gform_validation_container field_sublabel_below field_description_below gfield_visibility_visible\"  data-js-reload=\"field_8_22\"><label class='gfield_label' for='input_8_22' >Email<\/label><div class='ginput_container'><input name='input_22' id='input_8_22' type='text' value='' \/><\/div><div class='gfield_description' id='gfield_description_8_22'>Ce champ n\u2019est utilis\u00e9 qu\u2019\u00e0 des fins de validation et devrait rester inchang\u00e9.<\/div><\/li><\/ul><\/div>\n        <div class='gform_footer top_label'> <input type='submit' id='gform_submit_button_8' class='gform_button button' value='S&#039;inscrire'  onclick='if(window[\"gf_submitting_8\"]){return false;}  window[\"gf_submitting_8\"]=true;  ' onkeypress='if( event.keyCode == 13 ){ if(window[\"gf_submitting_8\"]){return false;} window[\"gf_submitting_8\"]=true;  jQuery(\"#gform_8\").trigger(\"submit\",[true]); }' \/> \n            <input type='hidden' class='gform_hidden' name='is_submit_8' value='1' \/>\n            <input type='hidden' class='gform_hidden' name='gform_submit' value='8' \/>\n            \n            <input type='hidden' class='gform_hidden' name='gform_unique_id' value='' \/>\n            <input type='hidden' class='gform_hidden' name='state_8' value='WyJbXSIsImI2MzgzNDkxZjIwNzFkNGU2YzU3NGIzNjY3ZDk5OWEwIl0=' \/>\n            <input type='hidden' class='gform_hidden' name='gform_target_page_number_8' id='gform_target_page_number_8' value='0' \/>\n            <input type='hidden' class='gform_hidden' name='gform_source_page_number_8' id='gform_source_page_number_8' value='1' \/>\n            <input type='hidden' name='gform_field_values' value='' \/>\n            \n        <\/div>\n                        <\/form>\n                        <\/div>[\/vc_column][\/vc_row]<\/p>\n","protected":false},"excerpt":{"rendered":"<p>[vc_row section_id=&#8221;about&#8221; css=&#8221;.vc_custom_1581505073398{padding-top: 170px !important;padding-bottom: 70px !important;}&#8221;][vc_column][vc_single_image image=&#8221;1722&#8243; img_size=&#8221;full&#8221; alignment=&#8221;center&#8221;][\/vc_column][\/vc_row][vc_row][vc_column][vc_separator color=&#8221;custom&#8221; border_width=&#8221;2&#8243; accent_color=&#8221;#d67c1c&#8221;][\/vc_column][\/vc_row][vc_row css=&#8221;.vc_custom_1602168810703{padding-bottom: 35px !important;}&#8221;][vc_column][vc_single_image image=&#8221;1580&#8243; img_size=&#8221;full&#8221; alignment=&#8221;center&#8221; onclick=&#8221;custom_link&#8221; img_link_target=&#8221;_blank&#8221; link=&#8221;https:\/\/www.chazalsas.fr\/&#8221;][\/vc_column][\/vc_row][vc_row css=&#8221;.vc_custom_1581505060433{padding-top: 70px !important;}&#8221;][vc_column][\/vc_column][\/vc_row]<\/p>\n","protected":false},"author":1,"featured_media":0,"parent":0,"menu_order":0,"comment_status":"closed","ping_status":"closed","template":"","meta":[],"_links":{"self":[{"href":"https:\/\/salondesmaires-rhone.fr\/index.php\/wp-json\/wp\/v2\/pages\/1661"}],"collection":[{"href":"https:\/\/salondesmaires-rhone.fr\/index.php\/wp-json\/wp\/v2\/pages"}],"about":[{"href":"https:\/\/salondesmaires-rhone.fr\/index.php\/wp-json\/wp\/v2\/types\/page"}],"author":[{"embeddable":true,"href":"https:\/\/salondesmaires-rhone.fr\/index.php\/wp-json\/wp\/v2\/users\/1"}],"replies":[{"embeddable":true,"href":"https:\/\/salondesmaires-rhone.fr\/index.php\/wp-json\/wp\/v2\/comments?post=1661"}],"version-history":[{"count":8,"href":"https:\/\/salondesmaires-rhone.fr\/index.php\/wp-json\/wp\/v2\/pages\/1661\/revisions"}],"predecessor-version":[{"id":2022,"href":"https:\/\/salondesmaires-rhone.fr\/index.php\/wp-json\/wp\/v2\/pages\/1661\/revisions\/2022"}],"wp:attachment":[{"href":"https:\/\/salondesmaires-rhone.fr\/index.php\/wp-json\/wp\/v2\/media?parent=1661"}],"curies":[{"name":"wp","href":"https:\/\/api.w.org\/{rel}","templated":true}]}}