{"id":1473,"date":"2020-05-09T14:48:54","date_gmt":"2020-05-09T12:48:54","guid":{"rendered":"http:\/\/salondesmaires-rhone.fr\/?page_id=1473"},"modified":"2022-09-21T13:55:48","modified_gmt":"2022-09-21T11:55:48","slug":"programme","status":"publish","type":"page","link":"https:\/\/salondesmaires-rhone.fr\/index.php\/programme\/","title":{"rendered":"Programme"},"content":{"rendered":"<p>[vc_row section_id=&#8221;about&#8221; css=&#8221;.vc_custom_1581504973370{padding-top: 170px !important;padding-bottom: 70px !important;}&#8221;][vc_column][vc_single_image image=&#8221;1722&#8243; img_size=&#8221;full&#8221; alignment=&#8221;center&#8221;][\/vc_column][\/vc_row][vc_row][vc_column][vc_separator color=&#8221;custom&#8221; border_width=&#8221;2&#8243; accent_color=&#8221;#d67c1c&#8221;][\/vc_column][\/vc_row][vc_row css=&#8221;.vc_custom_1602168810703{padding-bottom: 35px !important;}&#8221;][vc_column][vc_single_image image=&#8221;1763&#8243; img_size=&#8221;full&#8221; alignment=&#8221;center&#8221; onclick=&#8221;custom_link&#8221; img_link_target=&#8221;_blank&#8221; link=&#8221;https:\/\/www.chazalsas.fr\/&#8221;][vc_zigzag el_border_width=&#8221;20&#8243; css=&#8221;.vc_custom_1654758653323{padding-top: 20px !important;padding-bottom: 20px !important;border-radius: 20px !important;}&#8221;][vc_single_image image=&#8221;1972&#8243; img_size=&#8221;full&#8221; alignment=&#8221;center&#8221; onclick=&#8221;custom_link&#8221; img_link_target=&#8221;_blank&#8221; link=&#8221;https:\/\/www.evo-lud.com\/&#8221;][\/vc_column][\/vc_row][vc_row css=&#8221;.vc_custom_1581504958858{padding-top: 70px !important;}&#8221;][vc_column][vc_column_text]<\/p>\n<h2 style=\"text-align: center;\"><strong>Programme<\/strong><\/h2>\n<p>[\/vc_column_text][\/vc_column][\/vc_row][vc_row css=&#8221;.vc_custom_1643980365369{padding-top: 100px !important;}&#8221;][vc_column width=&#8221;1\/3&#8243;][vc_single_image image=&#8221;1760&#8243; img_size=&#8221;medium&#8221; alignment=&#8221;center&#8221;][\/vc_column][vc_column width=&#8221;1\/3&#8243;][vc_single_image image=&#8221;1757&#8243; img_size=&#8221;medium&#8221; alignment=&#8221;center&#8221;][\/vc_column][vc_column width=&#8221;1\/3&#8243;][vc_single_image image=&#8221;1758&#8243; img_size=&#8221;medium&#8221; alignment=&#8221;center&#8221;][\/vc_column][\/vc_row][vc_row css=&#8221;.vc_custom_1581504958858{padding-top: 70px !important;}&#8221;][vc_column][\/vc_column][\/vc_row][vc_row css=&#8221;.vc_custom_1581504958858{padding-top: 70px !important;}&#8221;][vc_column][vc_message]<\/p>\n<p style=\"text-align: left;\"><span style=\"color: #0000ff;\"><strong>9h00 &#8211; 9h30<\/strong> :<\/span> <span style=\"color: #000000;\"><strong>Caf\u00e9 d\u2019accueil<\/strong> <\/span>offert par la FIBOIS 69 et Green Style <span style=\"color: #00ccff;\">&#8211; salle de conf\u00e9rence<\/span><\/p>\n<p style=\"text-align: left;\"><strong><span style=\"color: #0000ff;\">9h30 &#8211; 11h00 :<\/span><\/strong> <span style=\"color: #000000;\"><strong>Table ronde \u00ab R\u00e9ussir ensemble nos territoires \u00bb<\/strong><\/span> <span style=\"color: #00ccff;\">&#8211; salle de conf\u00e9rence<\/span> anim\u00e9e par <strong>Jean-Pierre VACHER<\/strong>, Journaliste<br \/>\navec la participation de <strong>Pascal PERRINEAU<\/strong>, politologue et professeur des Universit\u00e9s \u00e0 Sciences Po, ancien directeur du CEVIPOF<br \/>\nListe des intervenants en cours de finalisation<\/p>\n<p style=\"text-align: left;\"><strong><span style=\"color: #0000ff;\">11h15 \u2013 12h00 :<\/span><\/strong> <strong><span style=\"color: #000000;\">Un entrepreneur face \u00e0 la crise COVID-19 et ses cons\u00e9quences actuelles<\/span> &#8211; <\/strong><span style=\"color: #00ccff;\">salle de conf\u00e9rence<\/span><br \/>\nT\u00e9moignage d\u2019<strong>Olivier GINON<\/strong>, fondateur de GL Events<\/p>\n<p style=\"text-align: left;\"><strong><span style=\"color: #0000ff;\">12h00 :<\/span><\/strong> <span style=\"color: #000000;\"><strong>Photo des maires, pr\u00e9sidents d\u2019intercommunalit\u00e9s et de la M\u00e9tropole de Lyon <\/strong><\/span><span style=\"color: #00ccff;\">\u00e0 l\u2019ext\u00e9rieur<\/span><\/p>\n<p style=\"text-align: left;\"><span style=\"color: #0000ff;\"><strong>12h15 :<\/strong><\/span> <span style=\"color: #000000;\"><strong>Inauguration du salon et visite des stands par la d\u00e9l\u00e9gation officielle<\/strong><\/span><br \/>\nInvit\u00e9s (sous r\u00e9serve) : <strong>Pascal MAILHOS<\/strong>, pr\u00e9fet de la R\u00e9gion Auvergne-Rh\u00f4ne-Alpes, pr\u00e9fet du Rh\u00f4ne ; <strong>Laurent WAUQUIEZ<\/strong>, pr\u00e9sident de la R\u00e9gion Auvergne-Rh\u00f4ne-Alpes ; <strong>Christophe GUILLOTEAU<\/strong>, pr\u00e9sident du D\u00e9partement du Rh\u00f4ne<\/p>\n<p style=\"text-align: left;\"><strong><span style=\"color: #0000ff;\">13h15 :<\/span> <span style=\"color: #000000;\">D\u00e9jeuner r\u00e9publicain<\/span><\/strong> (sur invitation uniquement)<br \/>\nLa restauration est possible sur place pour les visiteurs<\/p>\n<p style=\"text-align: left;\"><strong><span style=\"color: #0000ff;\">14h30 :<\/span> <span style=\"color: #000000;\">Poursuite de la visite des stands et signatures des conventions entre l\u2019AMF69 et ses partenaires<\/span><\/strong> &#8211;<span style=\"color: #00ccff;\"> espace exposition<\/span><\/p>\n<p style=\"text-align: left;\"><strong><span style=\"color: #0000ff;\">15h00 &#8211; 15h45 :<\/span> <span style=\"color: #000000;\">\u00ab Les Territoires de demain, adapter sa strat\u00e9gie de mobilit\u00e9 \u00e0 l\u2019\u00e9chelle de son territoire \u00bb <\/span><\/strong>&#8211; Quelles sont les probl\u00e9matiques de mobilit\u00e9 et quelles solutions s\u2019offrent aux collectivit\u00e9s ? Anim\u00e9 par l\u2019<strong>UGAP<\/strong> <span style=\"color: #00ccff;\">&#8211; salle de conf\u00e9rence<\/span><\/p>\n<p style=\"text-align: left;\"><strong><span style=\"color: #0000ff;\">16h00 &#8211; 16h30 :<\/span><\/strong> <span style=\"color: #000000;\"><strong>Quelles sont les solutions propos\u00e9es par les CCI et la CMA pour le <\/strong><strong>d\u00e9veloppement \u00e9conomique des territoires ? Focus sur la revitalisation des commerces de vos centres-villes\/centres bourgs<\/strong><\/span> &#8211; <span style=\"color: #00ccff;\">salle de conf\u00e9rence<\/span><\/p>\n<p style=\"text-align: left;\"><strong><span style=\"color: #0000ff;\">17h00 :<\/span><\/strong> <span style=\"color: #000000;\"><strong>Fermeture du salon<\/strong><\/span><\/p>\n<p>[\/vc_message][\/vc_column][\/vc_row][vc_row css=&#8221;.vc_custom_1581504958858{padding-top: 70px !important;}&#8221;][vc_column][vc_message]<\/p>\n<p style=\"text-align: center;\"><strong>Restauration sur place tout au long de la journ\u00e9e avec les Foodtrucks L&#8217;Atelier des copains et L&#8217;Impro gourmande<\/strong><\/p>\n<p>[\/vc_message][\/vc_column][\/vc_row]<\/p>\n","protected":false},"excerpt":{"rendered":"<p>[vc_row section_id=&#8221;about&#8221; css=&#8221;.vc_custom_1581504973370{padding-top: 170px !important;padding-bottom: 70px !important;}&#8221;][vc_column][vc_single_image image=&#8221;1722&#8243; img_size=&#8221;full&#8221; alignment=&#8221;center&#8221;][\/vc_column][\/vc_row][vc_row][vc_column][vc_separator color=&#8221;custom&#8221; border_width=&#8221;2&#8243; accent_color=&#8221;#d67c1c&#8221;][\/vc_column][\/vc_row][vc_row css=&#8221;.vc_custom_1602168810703{padding-bottom: 35px !important;}&#8221;][vc_column][vc_single_image image=&#8221;1763&#8243; img_size=&#8221;full&#8221; alignment=&#8221;center&#8221; onclick=&#8221;custom_link&#8221; img_link_target=&#8221;_blank&#8221; link=&#8221;https:\/\/www.chazalsas.fr\/&#8221;][vc_zigzag el_border_width=&#8221;20&#8243; css=&#8221;.vc_custom_1654758653323{padding-top: 20px !important;padding-bottom: 20px !important;border-radius: 20px !important;}&#8221;][vc_single_image image=&#8221;1972&#8243; img_size=&#8221;full&#8221; alignment=&#8221;center&#8221; onclick=&#8221;custom_link&#8221; img_link_target=&#8221;_blank&#8221; link=&#8221;https:\/\/www.evo-lud.com\/&#8221;][\/vc_column][\/vc_row][vc_row css=&#8221;.vc_custom_1581504958858{padding-top: 70px !important;}&#8221;][vc_column][vc_column_text] Programme [\/vc_column_text][\/vc_column][\/vc_row][vc_row css=&#8221;.vc_custom_1643980365369{padding-top:<\/p>\n","protected":false},"author":1,"featured_media":0,"parent":0,"menu_order":0,"comment_status":"closed","ping_status":"closed","template":"","meta":[],"_links":{"self":[{"href":"https:\/\/salondesmaires-rhone.fr\/index.php\/wp-json\/wp\/v2\/pages\/1473"}],"collection":[{"href":"https:\/\/salondesmaires-rhone.fr\/index.php\/wp-json\/wp\/v2\/pages"}],"about":[{"href":"https:\/\/salondesmaires-rhone.fr\/index.php\/wp-json\/wp\/v2\/types\/page"}],"author":[{"embeddable":true,"href":"https:\/\/salondesmaires-rhone.fr\/index.php\/wp-json\/wp\/v2\/users\/1"}],"replies":[{"embeddable":true,"href":"https:\/\/salondesmaires-rhone.fr\/index.php\/wp-json\/wp\/v2\/comments?post=1473"}],"version-history":[{"count":28,"href":"https:\/\/salondesmaires-rhone.fr\/index.php\/wp-json\/wp\/v2\/pages\/1473\/revisions"}],"predecessor-version":[{"id":2070,"href":"https:\/\/salondesmaires-rhone.fr\/index.php\/wp-json\/wp\/v2\/pages\/1473\/revisions\/2070"}],"wp:attachment":[{"href":"https:\/\/salondesmaires-rhone.fr\/index.php\/wp-json\/wp\/v2\/media?parent=1473"}],"curies":[{"name":"wp","href":"https:\/\/api.w.org\/{rel}","templated":true}]}}