{"id":1465,"date":"2020-05-09T14:34:54","date_gmt":"2020-05-09T12:34:54","guid":{"rendered":"http:\/\/salondesmaires-rhone.fr\/?page_id=1465"},"modified":"2022-09-19T16:58:27","modified_gmt":"2022-09-19T14:58:27","slug":"exposer","status":"publish","type":"page","link":"https:\/\/salondesmaires-rhone.fr\/index.php\/exposer\/","title":{"rendered":"Exposer"},"content":{"rendered":"<p>[vc_row section_id=&#8221;about&#8221; css=&#8221;.vc_custom_1581504883784{padding-top: 170px !important;padding-bottom: 70px !important;}&#8221;][vc_column][vc_single_image image=&#8221;1722&#8243; img_size=&#8221;full&#8221; alignment=&#8221;center&#8221;][\/vc_column][\/vc_row][vc_row][vc_column][vc_separator color=&#8221;custom&#8221; border_width=&#8221;2&#8243; accent_color=&#8221;#d67c1c&#8221;][\/vc_column][\/vc_row][vc_row css=&#8221;.vc_custom_1602168810703{padding-bottom: 35px !important;}&#8221;][vc_column][vc_single_image image=&#8221;1763&#8243; img_size=&#8221;full&#8221; alignment=&#8221;center&#8221; onclick=&#8221;custom_link&#8221; img_link_target=&#8221;_blank&#8221; link=&#8221;https:\/\/www.chazalsas.fr\/&#8221;][vc_zigzag el_border_width=&#8221;20&#8243; css=&#8221;.vc_custom_1654758607985{padding-top: 20px !important;padding-bottom: 20px !important;border-radius: 20px !important;}&#8221;][vc_single_image image=&#8221;1972&#8243; img_size=&#8221;full&#8221; alignment=&#8221;center&#8221; onclick=&#8221;custom_link&#8221; img_link_target=&#8221;_blank&#8221; link=&#8221;https:\/\/www.evo-lud.com\/&#8221;][\/vc_column][\/vc_row][vc_row section_id=&#8221;about&#8221; css=&#8221;.vc_custom_1581504877592{margin-bottom: 0px !important;border-bottom-width: 0px !important;padding-top: 70px !important;padding-bottom: 68px !important;}&#8221; fullwidth=&#8221;no&#8221; el_id=&#8221;about&#8221; parallax_bg=&#8221;0&#8243; stellar_background_ratio=&#8221;0.6&#8243;][vc_column width=&#8221;2\/3&#8243;]\r\n      <h3 class=\"section-title \"><span data-animation=\"flipInY\" data-animation-delay=\"300\" class=\"icon-inner\"><span class=\"fa-stack\"><i class=\"fa crcle fa-stack-2x\"><\/i><i class=\"fa fa-angle-double-right fa-stack-1x\"><\/i><\/span><\/span><span data-animation=\"fadeInRight\" data-animation-delay=\"500\" class=\"title-inner\">Comment devenir exposant ? <small> <\/small><\/span><\/h3>\r\n    [vc_column_text css=&#8221;.vc_custom_1590662355012{margin-bottom: 25px !important;}&#8221;]<\/p>\n<p data-animation=\"fadeInUp\" data-animation-delay=\"300\">R\u00e9servez votre stand aupr\u00e8s de M. Benjamin FIEVET par mail <a href=\"mailto:b.fievet@ap-media.fr\">b.fievet@ap-media.fr<\/a> ou par t\u00e9l\u00e9phone au <a href=\"tel:06 38 60 51 31\">06 38 60 51 31<\/a><\/p>\n<p>[\/vc_column_text]<a href=\"https:\/\/salondesmaires-rhone.fr\/wp-content\/uploads\/2022\/04\/PLAQUETTE-SDM-69-2022.pdf\" target='_blank' style=\"margin: 0px 20px 30px 0px\" class=\"btn btn-theme animated flipInY visible   btn btn-theme animated flipInY visible\" data-animation=\"flipInY\" data-animation-delay=\"200\">Plaquette <i class=\"fa fa-download\"><\/i><\/a><a href=\"http:\/\/salondesmaires-rhone.fr\/index.php\/liste-des-exposants\/\"  style=\"margin: 0px 20px 30px 0px\" class=\"btn btn-theme animated flipInY visible  scroll-to btn btn-theme animated flipInY visible\" data-animation=\"flipInY\" data-animation-delay=\"200\">Consulter la liste<br \/>\ndes exposants <i class=\"fa fa-search\"><\/i><\/a>[\/vc_column][vc_column width=&#8221;1\/3&#8243;][vc_single_image image=&#8221;1753&#8243; img_size=&#8221;large&#8221; alignment=&#8221;center&#8221; style=&#8221;vc_box_rounded&#8221; css=&#8221;.vc_custom_1649324866946{padding-top: 50px !important;}&#8221;][\/vc_column][\/vc_row][vc_row full_width=&#8221;stretch_row&#8221; section_id=&#8221;about&#8221; css=&#8221;.vc_custom_1559576567166{margin-top: 0px !important;margin-bottom: 0px !important;border-top-width: 0px !important;border-bottom-width: 0px !important;padding-top: 35px !important;padding-bottom: 68px !important;}&#8221; fullwidth=&#8221;no&#8221; el_id=&#8221;about&#8221; parallax_bg=&#8221;0&#8243; stellar_background_ratio=&#8221;0.6&#8243; el_class=&#8221;color&#8221;][vc_column]\r\n      <h3 class=\"section-title \"><span data-animation=\"flipInY\" data-animation-delay=\"300\" class=\"icon-inner\"><span class=\"fa-stack\"><i class=\"fa crcle fa-stack-2x\"><\/i><i class=\"fa fa-star fa-stack-1x\"><\/i><\/span><\/span><span data-animation=\"fadeInRight\" data-animation-delay=\"500\" class=\"title-inner\">A qui s\u2019adresse ce congr\u00e8s ? <small> <\/small><\/span><\/h3>\r\n    [\/vc_column][vc_column width=&#8221;1\/4&#8243; offset=&#8221;vc_col-lg-2 vc_col-md-3&#8243; css=&#8221;.vc_custom_1541847511906{padding-top: 0px !important;padding-bottom: 30px !important;}&#8221;]\r\n      <div class=\"thumbnail no-border no-padding \" data-animation=\"fadeInLeft\" data-animation-delay=\"100\">\r\n          <div class=\"media\">\r\n              <img src=\"https:\/\/salondesmaires-rhone.fr\/wp-content\/uploads\/2020\/05\/thumbnail05.jpg\" alt=\"Alt\" class=\"img-responsive\">\r\n              <div class=\"caption hovered\">\r\n                  <div class=\"caption-wrapper div-table\">\r\n                      <div class=\"caption-inner div-cell\">\r\n                          <p class=\"caption-buttons\"><a href=\"https:\/\/salondesmaires-rhone.fr\/wp-content\/uploads\/2020\/05\/thumbnail05.jpg\" class=\"btn caption-zoom\" data-gal=\"prettyPhoto\"><i class=\"fa fa-search\"><\/i><\/a><\/p>\r\n                      <\/div>\r\n                  <\/div>\r\n              <\/div>\r\n          <\/div>\r\n      <\/div>\r\n    [\/vc_column][vc_column width=&#8221;1\/4&#8243; offset=&#8221;vc_col-lg-2 vc_col-md-3&#8243; css=&#8221;.vc_custom_1541847516235{padding-top: 0px !important;padding-bottom: 30px !important;}&#8221;]\r\n      <div class=\"thumbnail no-border no-padding \" data-animation=\"fadeInLeft\" data-animation-delay=\"100\">\r\n          <div class=\"media\">\r\n              <img src=\"https:\/\/salondesmaires-rhone.fr\/wp-content\/uploads\/2020\/05\/thumbnail06.jpg\" alt=\"Alt image\" class=\"img-responsive\">\r\n              <div class=\"caption hovered\">\r\n                  <div class=\"caption-wrapper div-table\">\r\n                      <div class=\"caption-inner div-cell\">\r\n                          <p class=\"caption-buttons\"><a href=\"https:\/\/salondesmaires-rhone.fr\/wp-content\/uploads\/2020\/05\/thumbnail06.jpg\" class=\"btn caption-zoom\" data-gal=\"prettyPhoto\"><i class=\"fa fa-search\"><\/i><\/a><\/p>\r\n                      <\/div>\r\n                  <\/div>\r\n              <\/div>\r\n          <\/div>\r\n      <\/div>\r\n    [\/vc_column][vc_column offset=&#8221;vc_col-lg-8 vc_col-md-12&#8243; css=&#8221;.vc_custom_1541848155607{padding-top: 0px !important;}&#8221;][vc_column_text]<span style=\"color: #ffffff;\"><em><strong>Aux \u00e9lus :<br \/>\n<\/strong><\/em><\/span>maires, adjoints, conseillers municipaux, pr\u00e9sidents, \u00e9lus communautaires, conseillers d\u00e9partementaux et r\u00e9gionaux, d\u00e9put\u00e9s, s\u00e9nateurs, \u2026<\/p>\n<p><span style=\"color: #ffffff;\"><em><strong>Aux personnels d\u2019encadrement :<br \/>\n<\/strong><\/em><\/span>directeurs et secr\u00e9taires g\u00e9n\u00e9raux, chefs de service, cadres\u2026<\/p>\n<p><span style=\"color: #ffffff;\"><em><strong>Aux personnels techniques et administratifs.<\/strong><\/em><\/span><\/p>\n<p><span style=\"color: #ffffff;\"><em><strong>Aux acheteurs du secteur public.<\/strong><\/em><\/span>[\/vc_column_text][\/vc_column][\/vc_row][vc_row css=&#8221;.vc_custom_1569829591441{margin-top: 0px !important;margin-bottom: 0px !important;border-top-width: 0px !important;border-bottom-width: 0px !important;padding-top: 50px !important;padding-bottom: 85px !important;}&#8221; fullwidth=&#8221;no&#8221; parallax_bg=&#8221;0&#8243; stellar_background_ratio=&#8221;0.6&#8243;][vc_column][vc_column_text]L\u2019Association des Maires et Pr\u00e9sidents d&#8217;Intercommunalit\u00e9 du Rh\u00f4ne et M\u00e9tropole de Lyon (AMF69), organise son Congr\u00e8s Annuel jumelant son Assembl\u00e9e G\u00e9n\u00e9rale et le Salon des Maires, des Elus locaux et des D\u00e9cideurs publics du Rh\u00f4ne et de la M\u00e9tropole de Lyon, le mercredi 19 octobre 2022, au Complexe sportif Pierre Minssieux \u00e0 Brignais.[\/vc_column_text][\/vc_column][\/vc_row][vc_row css=&#8221;.vc_custom_1569829602486{padding-bottom: 50px !important;}&#8221;][vc_column width=&#8221;1\/5&#8243;][vc_icon icon_fontawesome=&#8221;fa fa-sign-in&#8221; color=&#8221;custom&#8221; size=&#8221;lg&#8221; align=&#8221;center&#8221; custom_color=&#8221;#1e73be&#8221;][vc_column_text]<\/p>\n<p style=\"text-align: center;\">Vous d\u00e9veloppez des services, des produits, des solutions \u00e0 destination des collectivit\u00e9s et des organismes publics ?<\/p>\n<p>[\/vc_column_text][\/vc_column][vc_column width=&#8221;1\/5&#8243;][vc_icon icon_fontawesome=&#8221;fa fa-handshake-o&#8221; color=&#8221;custom&#8221; size=&#8221;lg&#8221; align=&#8221;center&#8221; custom_color=&#8221;#1e73be&#8221;][vc_column_text]<\/p>\n<p style=\"text-align: center;\">Vous souhaitez rencontrer les grands donneurs d\u2019ordres du territoire ?<\/p>\n<p>[\/vc_column_text][\/vc_column][vc_column width=&#8221;1\/5&#8243;][vc_icon icon_fontawesome=&#8221;fa fa-leanpub&#8221; color=&#8221;custom&#8221; size=&#8221;lg&#8221; align=&#8221;center&#8221; custom_color=&#8221;#1e73be&#8221;][vc_column_text]<\/p>\n<p style=\"text-align: center;\">Vous souhaitez mettre en valeur votre savoir-faire ?<\/p>\n<p>[\/vc_column_text][\/vc_column][vc_column width=&#8221;1\/5&#8243;][vc_icon icon_fontawesome=&#8221;fa fa-thumbs-up&#8221; color=&#8221;custom&#8221; size=&#8221;lg&#8221; align=&#8221;center&#8221; custom_color=&#8221;#1e73be&#8221;][vc_column_text]<\/p>\n<p style=\"text-align: center;\">Vous souhaitez gagner en notori\u00e9t\u00e9 ?<\/p>\n<p>[\/vc_column_text][\/vc_column][vc_column width=&#8221;1\/5&#8243;][vc_icon icon_fontawesome=&#8221;fa fa-database&#8221; color=&#8221;custom&#8221; size=&#8221;lg&#8221; align=&#8221;center&#8221; custom_color=&#8221;#1e73be&#8221;][vc_column_text]<\/p>\n<p style=\"text-align: center;\">Vous souhaitez d\u00e9velopper du business ?<\/p>\n<p>[\/vc_column_text][\/vc_column][\/vc_row][vc_row css=&#8221;.vc_custom_1569829952218{padding-bottom: 85px !important;}&#8221;][vc_column][vc_column_text]<\/p>\n<h2 style=\"text-align: center;\"><strong>Alors, r\u00e9servez votre stand !<\/strong><\/h2>\n<p>[\/vc_column_text][\/vc_column][\/vc_row][vc_row full_width=&#8221;stretch_row&#8221; section_id=&#8221;about&#8221; el_class=&#8221;color&#8221; css=&#8221;.vc_custom_1569837555643{padding-top: 60px !important;padding-bottom: 60px !important;}&#8221;][vc_column width=&#8221;1\/3&#8243;][vc_column_text css=&#8221;.vc_custom_1569835213499{padding-bottom: 15px !important;}&#8221;]<\/p>\n<p style=\"text-align: center;\"><strong>Un \u00e9v\u00e9nement :<\/strong><\/p>\n<p>[\/vc_column_text][vc_single_image image=&#8221;1461&#8243; img_size=&#8221;medium&#8221; alignment=&#8221;center&#8221;][\/vc_column][vc_column width=&#8221;1\/3&#8243;][vc_column_text css=&#8221;.vc_custom_1569835608556{padding-bottom: 15px !important;}&#8221;]<\/p>\n<p style=\"text-align: center;\"><strong>Organis\u00e9 par :<\/strong><\/p>\n<p>[\/vc_column_text][vc_single_image image=&#8221;1457&#8243; alignment=&#8221;center&#8221;][\/vc_column][vc_column width=&#8221;1\/3&#8243;][vc_column_text css=&#8221;.vc_custom_1569837720847{padding-bottom: 15px !important;}&#8221;]<\/p>\n<p style=\"text-align: center;\">et<\/p>\n<p>[\/vc_column_text][vc_single_image image=&#8221;1714&#8243; alignment=&#8221;center&#8221;][\/vc_column][\/vc_row]<\/p>\n","protected":false},"excerpt":{"rendered":"<p>[vc_row section_id=&#8221;about&#8221; css=&#8221;.vc_custom_1581504883784{padding-top: 170px !important;padding-bottom: 70px !important;}&#8221;][vc_column][vc_single_image image=&#8221;1722&#8243; img_size=&#8221;full&#8221; alignment=&#8221;center&#8221;][\/vc_column][\/vc_row][vc_row][vc_column][vc_separator color=&#8221;custom&#8221; border_width=&#8221;2&#8243; accent_color=&#8221;#d67c1c&#8221;][\/vc_column][\/vc_row][vc_row css=&#8221;.vc_custom_1602168810703{padding-bottom: 35px !important;}&#8221;][vc_column][vc_single_image image=&#8221;1763&#8243; img_size=&#8221;full&#8221; alignment=&#8221;center&#8221; onclick=&#8221;custom_link&#8221; img_link_target=&#8221;_blank&#8221; link=&#8221;https:\/\/www.chazalsas.fr\/&#8221;][vc_zigzag el_border_width=&#8221;20&#8243; css=&#8221;.vc_custom_1654758607985{padding-top: 20px !important;padding-bottom: 20px !important;border-radius: 20px !important;}&#8221;][vc_single_image image=&#8221;1972&#8243; img_size=&#8221;full&#8221; alignment=&#8221;center&#8221; onclick=&#8221;custom_link&#8221; img_link_target=&#8221;_blank&#8221; link=&#8221;https:\/\/www.evo-lud.com\/&#8221;][\/vc_column][\/vc_row][vc_row section_id=&#8221;about&#8221; css=&#8221;.vc_custom_1581504877592{margin-bottom: 0px !important;border-bottom-width: 0px !important;padding-top:<\/p>\n","protected":false},"author":1,"featured_media":0,"parent":0,"menu_order":0,"comment_status":"closed","ping_status":"closed","template":"","meta":[],"_links":{"self":[{"href":"https:\/\/salondesmaires-rhone.fr\/index.php\/wp-json\/wp\/v2\/pages\/1465"}],"collection":[{"href":"https:\/\/salondesmaires-rhone.fr\/index.php\/wp-json\/wp\/v2\/pages"}],"about":[{"href":"https:\/\/salondesmaires-rhone.fr\/index.php\/wp-json\/wp\/v2\/types\/page"}],"author":[{"embeddable":true,"href":"https:\/\/salondesmaires-rhone.fr\/index.php\/wp-json\/wp\/v2\/users\/1"}],"replies":[{"embeddable":true,"href":"https:\/\/salondesmaires-rhone.fr\/index.php\/wp-json\/wp\/v2\/comments?post=1465"}],"version-history":[{"count":32,"href":"https:\/\/salondesmaires-rhone.fr\/index.php\/wp-json\/wp\/v2\/pages\/1465\/revisions"}],"predecessor-version":[{"id":2068,"href":"https:\/\/salondesmaires-rhone.fr\/index.php\/wp-json\/wp\/v2\/pages\/1465\/revisions\/2068"}],"wp:attachment":[{"href":"https:\/\/salondesmaires-rhone.fr\/index.php\/wp-json\/wp\/v2\/media?parent=1465"}],"curies":[{"name":"wp","href":"https:\/\/api.w.org\/{rel}","templated":true}]}}